{"id":52,"date":"2025-03-28T23:29:07","date_gmt":"2025-03-28T23:29:07","guid":{"rendered":"https:\/\/e-perfume.eu\/?page_id=52"},"modified":"2025-04-15T10:57:14","modified_gmt":"2025-04-15T10:57:14","slug":"datenschutz","status":"publish","type":"page","link":"https:\/\/e-perfume.eu\/?page_id=52","title":{"rendered":"Datenschutz"},"content":{"rendered":"\t\t<div data-elementor-type=\"wp-page\" data-elementor-id=\"52\" class=\"elementor elementor-52\" data-elementor-post-type=\"page\">\n\t\t\t\t\t\t<section class=\"elementor-section elementor-top-section elementor-element elementor-element-5b86d6e5 elementor-section-boxed elementor-section-height-default elementor-section-height-default\" data-id=\"5b86d6e5\" data-element_type=\"section\" data-e-type=\"section\" data-settings=\"{&quot;background_background&quot;:&quot;classic&quot;}\">\n\t\t\t\t\t\t<div class=\"elementor-container elementor-column-gap-default\">\n\t\t\t\t\t<div class=\"elementor-column elementor-col-100 elementor-top-column elementor-element elementor-element-2c68ebe3\" data-id=\"2c68ebe3\" data-element_type=\"column\" data-e-type=\"column\">\n\t\t\t<div class=\"elementor-widget-wrap elementor-element-populated\">\n\t\t\t\t\t\t<div class=\"elementor-element elementor-element-6a9d5364 elementor-icon-list--layout-inline elementor-align-center elementor-list-item-link-full_width elementor-widget elementor-widget-icon-list\" data-id=\"6a9d5364\" data-element_type=\"widget\" data-e-type=\"widget\" data-widget_type=\"icon-list.default\">\n\t\t\t\t<div class=\"elementor-widget-container\">\n\t\t\t\t\t\t\t<ul class=\"elementor-icon-list-items elementor-inline-items\">\n\t\t\t\t\t\t\t<li class=\"elementor-icon-list-item elementor-inline-item\">\n\t\t\t\t\t\t\t\t\t\t<span class=\"elementor-icon-list-text\">Home<\/span>\n\t\t\t\t\t\t\t\t\t<\/li>\n\t\t\t\t\t\t\t\t<li class=\"elementor-icon-list-item elementor-inline-item\">\n\t\t\t\t\t\t\t\t\t\t\t<span class=\"elementor-icon-list-icon\">\n\t\t\t\t\t\t\t<i aria-hidden=\"true\" class=\"icon icon-chevron-right\"><\/i>\t\t\t\t\t\t<\/span>\n\t\t\t\t\t\t\t\t\t\t<span class=\"elementor-icon-list-text\">Datenschutz<\/span>\n\t\t\t\t\t\t\t\t\t<\/li>\n\t\t\t\t\t\t<\/ul>\n\t\t\t\t\t\t<\/div>\n\t\t\t\t<\/div>\n\t\t\t\t<div class=\"elementor-element elementor-element-2684602d elementor-widget elementor-widget-heading\" data-id=\"2684602d\" data-element_type=\"widget\" data-e-type=\"widget\" data-widget_type=\"heading.default\">\n\t\t\t\t<div class=\"elementor-widget-container\">\n\t\t\t\t\t<h1 class=\"elementor-heading-title elementor-size-default\">Datenschutz<\/h1>\t\t\t\t<\/div>\n\t\t\t\t<\/div>\n\t\t\t\t\t<\/div>\n\t\t<\/div>\n\t\t\t\t\t<\/div>\n\t\t<\/section>\n\t\t\t\t<section class=\"elementor-section elementor-top-section elementor-element elementor-element-4d6e58ab elementor-section-boxed elementor-section-height-default elementor-section-height-default\" data-id=\"4d6e58ab\" data-element_type=\"section\" data-e-type=\"section\">\n\t\t\t\t\t\t<div class=\"elementor-container elementor-column-gap-default\">\n\t\t\t\t\t<div class=\"elementor-column elementor-col-100 elementor-top-column elementor-element elementor-element-3257faa\" data-id=\"3257faa\" data-element_type=\"column\" data-e-type=\"column\">\n\t\t\t<div class=\"elementor-widget-wrap elementor-element-populated\">\n\t\t\t\t\t\t<div class=\"elementor-element elementor-element-7189cf39 elementor-widget elementor-widget-text-editor\" data-id=\"7189cf39\" data-element_type=\"widget\" data-e-type=\"widget\" data-widget_type=\"text-editor.default\">\n\t\t\t\t<div class=\"elementor-widget-container\">\n\t\t\t\t\t\t\t\t\t<p class=\"p5\"><b>1. Datenschutz auf einen Blick<\/b><b><\/b><\/p><p class=\"p6\"><b>Allgemeine Hinweise<\/b><b><\/b><\/p><p class=\"p1\">Die folgenden Hinweise geben einen einfachen \u00dcberblick dar\u00fcber, was mit Ihren personenbezogenen Daten passiert, wenn Sie diese Website besuchen.<\/p><p class=\"p1\">Personenbezogene Daten sind alle Daten, mit denen Sie pers\u00f6nlich identifiziert werden k\u00f6nnen. Ausf\u00fchrliche Informationen entnehmen Sie der vollst\u00e4ndigen Datenschutzerkl\u00e4rung weiter unten.<\/p><p class=\"p6\"><b>Datenerfassung auf dieser Website<\/b><b><\/b><\/p><p class=\"p7\"><b>Wer ist verantwortlich f\u00fcr die Datenerfassung auf dieser Website?<\/b><b><\/b><\/p><p class=\"p1\">Die Datenverarbeitung erfolgt durch den Websitebetreiber. Die Kontaktdaten finden Sie unten im Abschnitt \u201eVerantwortliche Stelle\u201c.<\/p><p class=\"p7\"><b>Wie erfassen wir Ihre Daten?<\/b><b><\/b><\/p><p class=\"p1\">Ein Teil der Daten wird dadurch erhoben, dass Sie uns diese mitteilen (z.\u202fB. im Kontaktformular). Andere Daten werden automatisch durch IT-Systeme beim Besuch der Website erfasst (z.\u202fB. Browser, Betriebssystem, Uhrzeit).<\/p><p class=\"p7\"><b>Wof\u00fcr nutzen wir Ihre Daten?<\/b><b><\/b><\/p><p class=\"p1\">Zur fehlerfreien Bereitstellung der Website und ggf. zur Analyse Ihres Nutzerverhaltens.<\/p><p class=\"p7\"><b>Welche Rechte haben Sie?<\/b><b><\/b><\/p><p class=\"p1\">Sie haben jederzeit das Recht auf Auskunft, Berichtigung, L\u00f6schung oder Einschr\u00e4nkung der Verarbeitung sowie Widerspruch und Beschwerde bei der zust\u00e4ndigen Aufsichtsbeh\u00f6rde. Kontaktieren Sie uns bei Fragen gerne jederzeit.<\/p><hr \/><p class=\"p5\"><b>2. Hosting<\/b><b><\/b><\/p><p class=\"p1\">Diese Website wird bei folgendem Anbieter gehostet:<\/p><p class=\"p7\"><b>Namecheap, Inc.<\/b><b><\/b><\/p><p class=\"p1\">4600 East Washington Street, Suite 300, Phoenix, AZ 85034, USA<\/p><p class=\"p1\">Datenschutzerkl\u00e4rung: <a href=\"https:\/\/www.namecheap.com\/legal\/general\/privacy-policy\/\">https:\/\/www.namecheap.com\/legal\/general\/privacy-policy\/<\/a><\/p><p class=\"p1\">Die Nutzung erfolgt auf Grundlage von Art. 6 Abs. 1 lit. f DSGVO (berechtigtes Interesse). Bei aktiver Einwilligung zus\u00e4tzlich auf Art. 6 Abs. 1 lit. a DSGVO und \u00a7 25 Abs. 1 TTDSG. Die Einwilligung kann jederzeit widerrufen werden.<\/p><p class=\"p7\"><b>Auftragsverarbeitung:<\/b><b><\/b><\/p><p class=\"p1\">Ein AV-Vertrag mit Namecheap liegt vor und gew\u00e4hrleistet eine DSGVO-konforme Datenverarbeitung.<\/p><hr \/><p class=\"p5\"><b>3. Allgemeine Hinweise und Pflichtinformationen<\/b><b><\/b><\/p><p class=\"p6\"><b>Hinweis zur verantwortlichen Stelle<\/b><b><\/b><\/p><p class=\"p7\"><b>Verantwortlich f\u00fcr die Datenverarbeitung:<\/b><b><\/b><\/p><p class=\"p1\">Igor Holodniak<\/p><p class=\"p1\">e-perfume<\/p><p class=\"p1\">An der Krautwiese 40<\/p><p class=\"p1\">53783 Eitorf<\/p><p class=\"p1\">E-Mail: info@e-perfume.eu<\/p><p class=\"p1\">Telefon: +49 174 3085959<\/p><hr \/><p class=\"p5\"><b>4. Datenerfassung auf dieser Website<\/b><b><\/b><\/p><p class=\"p7\"><b>Cookies<\/b><b><\/b><\/p><p class=\"p1\">Diese Website verwendet Cookies zur technischen Funktion, Analyse und ggf. Marketingzwecken.<\/p><p class=\"p1\">Die Nutzung erfolgt mit Einwilligung (Art. 6 Abs. 1 lit. a DSGVO \/ \u00a7 25 TTDSG).<\/p><p class=\"p1\">Cookie-Verwaltung erfolgt \u00fcber das Tool <i>CookieYes<\/i>.<\/p><p class=\"p7\"><b>Google Analytics<\/b><b><\/b><\/p><p class=\"p1\">Anbieter: Google Ireland Ltd., Dublin, Irland<\/p><p class=\"p1\">Einsatz zur Analyse Ihres Nutzerverhaltens mit Ihrer Zustimmung.<\/p><p class=\"p1\">Datenschutzerkl\u00e4rung: <a href=\"https:\/\/policies.google.com\/privacy\">https:\/\/policies.google.com\/privacy<\/a><\/p><p class=\"p7\"><b>Google Fonts<\/b><b><\/b><\/p><p class=\"p1\">Einbindung zur Darstellung von Schriftarten \u00fcber Google Ireland Ltd.<\/p><p class=\"p1\">Nutzung basiert auf Art. 6 Abs. 1 lit. f DSGVO.<\/p><p class=\"p1\">Weitere Infos: <a href=\"https:\/\/developers.google.com\/fonts\/faq\">https:\/\/developers.google.com\/fonts\/faq<\/a><\/p><hr \/><p class=\"p5\"><b>5. Kontaktformular &amp; E-Mail-Anfragen<\/b><b><\/b><\/p><p class=\"p1\">Bei Kontaktaufnahme speichern wir Ihre Angaben zur Bearbeitung Ihrer Anfrage.<\/p><p class=\"p1\">Rechtsgrundlage: Art. 6 Abs. 1 lit. b DSGVO (vertraglich) oder lit. f DSGVO (berechtigtes Interesse).<\/p><hr \/><p class=\"p5\"><b>6. Plugins und Tools<\/b><b><\/b><\/p><p class=\"p7\"><b>Google Tag Manager<\/b><b><\/b><\/p><p class=\"p1\">Verwaltung von Website-Tags, keine eigene Datenerhebung.<\/p><p class=\"p1\">Nutzungsrichtlinie: <a href=\"https:\/\/www.google.com\/intl\/de\/tagmanager\/use-policy.html\">https:\/\/www.google.com\/intl\/de\/tagmanager\/use-policy.html<\/a><\/p><hr \/><p class=\"p5\"><b>7. Widerspruch gegen Werbe-E-Mails<\/b><b><\/b><\/p><p class=\"p1\">Der Nutzung der im Impressum ver\u00f6ffentlichten Kontaktdaten f\u00fcr Werbung oder unangeforderte Informationen wird widersprochen.<\/p>\t\t\t\t\t\t\t\t<\/div>\n\t\t\t\t<\/div>\n\t\t\t\t\t<\/div>\n\t\t<\/div>\n\t\t\t\t\t<\/div>\n\t\t<\/section>\n\t\t\t\t<\/div>\n\t\t","protected":false},"excerpt":{"rendered":"<p>Home 1. Datenschutz auf einen Blick Allgemeine Hinweise Die folgenden Hinweise geben einen einfachen \u00dcberblick dar\u00fcber, was mit Ihren personenbezogenen Daten passiert, wenn Sie diese Website besuchen. Personenbezogene Daten sind alle Daten, mit denen Sie pers\u00f6nlich identifiziert werden k\u00f6nnen. Ausf\u00fchrliche Informationen entnehmen Sie der vollst\u00e4ndigen Datenschutzerkl\u00e4rung weiter unten. Datenerfassung auf dieser Website Wer ist verantwortlich [&hellip;]<\/p>\n","protected":false},"author":1,"featured_media":0,"parent":0,"menu_order":0,"comment_status":"closed","ping_status":"closed","template":"","meta":{"_joinchat":[],"footnotes":""},"class_list":["post-52","page","type-page","status-publish","hentry"],"_links":{"self":[{"href":"https:\/\/e-perfume.eu\/index.php?rest_route=\/wp\/v2\/pages\/52","targetHints":{"allow":["GET"]}}],"collection":[{"href":"https:\/\/e-perfume.eu\/index.php?rest_route=\/wp\/v2\/pages"}],"about":[{"href":"https:\/\/e-perfume.eu\/index.php?rest_route=\/wp\/v2\/types\/page"}],"author":[{"embeddable":true,"href":"https:\/\/e-perfume.eu\/index.php?rest_route=\/wp\/v2\/users\/1"}],"replies":[{"embeddable":true,"href":"https:\/\/e-perfume.eu\/index.php?rest_route=%2Fwp%2Fv2%2Fcomments&post=52"}],"version-history":[{"count":5,"href":"https:\/\/e-perfume.eu\/index.php?rest_route=\/wp\/v2\/pages\/52\/revisions"}],"predecessor-version":[{"id":569,"href":"https:\/\/e-perfume.eu\/index.php?rest_route=\/wp\/v2\/pages\/52\/revisions\/569"}],"wp:attachment":[{"href":"https:\/\/e-perfume.eu\/index.php?rest_route=%2Fwp%2Fv2%2Fmedia&parent=52"}],"curies":[{"name":"wp","href":"https:\/\/api.w.org\/{rel}","templated":true}]}}