{"id":54,"date":"2025-03-28T23:29:53","date_gmt":"2025-03-28T23:29:53","guid":{"rendered":"https:\/\/e-perfume.eu\/?page_id=54"},"modified":"2025-04-15T10:56:32","modified_gmt":"2025-04-15T10:56:32","slug":"impressum","status":"publish","type":"page","link":"https:\/\/e-perfume.eu\/?page_id=54","title":{"rendered":"Impressum"},"content":{"rendered":"\t\t<div data-elementor-type=\"wp-page\" data-elementor-id=\"54\" class=\"elementor elementor-54\" data-elementor-post-type=\"page\">\n\t\t\t\t\t\t<section class=\"elementor-section elementor-top-section elementor-element elementor-element-693b2692 elementor-section-boxed elementor-section-height-default elementor-section-height-default\" data-id=\"693b2692\" data-element_type=\"section\" data-e-type=\"section\" data-settings=\"{&quot;background_background&quot;:&quot;classic&quot;}\">\n\t\t\t\t\t\t<div class=\"elementor-container elementor-column-gap-default\">\n\t\t\t\t\t<div class=\"elementor-column elementor-col-100 elementor-top-column elementor-element elementor-element-40b15e64\" data-id=\"40b15e64\" data-element_type=\"column\" data-e-type=\"column\">\n\t\t\t<div class=\"elementor-widget-wrap elementor-element-populated\">\n\t\t\t\t\t\t<div class=\"elementor-element elementor-element-35f0556 elementor-icon-list--layout-inline elementor-align-center elementor-list-item-link-full_width elementor-widget elementor-widget-icon-list\" data-id=\"35f0556\" data-element_type=\"widget\" data-e-type=\"widget\" data-widget_type=\"icon-list.default\">\n\t\t\t\t<div class=\"elementor-widget-container\">\n\t\t\t\t\t\t\t<ul class=\"elementor-icon-list-items elementor-inline-items\">\n\t\t\t\t\t\t\t<li class=\"elementor-icon-list-item elementor-inline-item\">\n\t\t\t\t\t\t\t\t\t\t<span class=\"elementor-icon-list-text\">Home<\/span>\n\t\t\t\t\t\t\t\t\t<\/li>\n\t\t\t\t\t\t\t\t<li class=\"elementor-icon-list-item elementor-inline-item\">\n\t\t\t\t\t\t\t\t\t\t\t<span class=\"elementor-icon-list-icon\">\n\t\t\t\t\t\t\t<i aria-hidden=\"true\" class=\"icon icon-chevron-right\"><\/i>\t\t\t\t\t\t<\/span>\n\t\t\t\t\t\t\t\t\t\t<span class=\"elementor-icon-list-text\">Impressum<\/span>\n\t\t\t\t\t\t\t\t\t<\/li>\n\t\t\t\t\t\t<\/ul>\n\t\t\t\t\t\t<\/div>\n\t\t\t\t<\/div>\n\t\t\t\t<div class=\"elementor-element elementor-element-3e23ea2f elementor-widget elementor-widget-heading\" data-id=\"3e23ea2f\" data-element_type=\"widget\" data-e-type=\"widget\" data-widget_type=\"heading.default\">\n\t\t\t\t<div class=\"elementor-widget-container\">\n\t\t\t\t\t<h1 class=\"elementor-heading-title elementor-size-default\">Impressum<\/h1>\t\t\t\t<\/div>\n\t\t\t\t<\/div>\n\t\t\t\t\t<\/div>\n\t\t<\/div>\n\t\t\t\t\t<\/div>\n\t\t<\/section>\n\t\t\t\t<section class=\"elementor-section elementor-top-section elementor-element elementor-element-79298144 elementor-section-boxed elementor-section-height-default elementor-section-height-default\" data-id=\"79298144\" data-element_type=\"section\" data-e-type=\"section\">\n\t\t\t\t\t\t<div class=\"elementor-container elementor-column-gap-default\">\n\t\t\t\t\t<div class=\"elementor-column elementor-col-100 elementor-top-column elementor-element elementor-element-b3c04f7\" data-id=\"b3c04f7\" data-element_type=\"column\" data-e-type=\"column\">\n\t\t\t<div class=\"elementor-widget-wrap elementor-element-populated\">\n\t\t\t\t\t\t<div class=\"elementor-element elementor-element-7b14d37e elementor-widget elementor-widget-text-editor\" data-id=\"7b14d37e\" data-element_type=\"widget\" data-e-type=\"widget\" data-widget_type=\"text-editor.default\">\n\t\t\t\t<div class=\"elementor-widget-container\">\n\t\t\t\t\t\t\t\t\t<p class=\"p2\">Angaben gem\u00e4\u00df \u00a7 5 TMG<\/p><p class=\"p2\">Igor Holodniak<\/p><p class=\"p2\">e-perfume<\/p><p class=\"p2\">An der Krautwiese 40<\/p><p class=\"p2\">53783 Eitorf<\/p><p class=\"p2\">Deutschland<\/p><p class=\"p2\">\u2e3b<\/p><p class=\"p2\">Kontakt<\/p><p class=\"p2\">Telefon: +49 174 3085959<\/p><p class=\"p2\">E-Mail: info@e-perfume.eu<\/p><p class=\"p2\">\u2e3b<\/p><p class=\"p2\">UID-Nummer:<\/p><p class=\"p2\">DE364297062<\/p><p class=\"p2\">Berufsbezeichnung: Gro\u00dfhandel f\u00fcr Parf\u00fcm, Kosmetik &amp; Pflegeprodukte<\/p><p class=\"p2\">Verleihungsstaat: Deutschland<\/p><p class=\"p2\">\u2e3b<\/p><p class=\"p2\">Aufsichtsbeh\u00f6rde:<\/p><p class=\"p2\">Amtsgericht Siegburg<\/p><p class=\"p2\">Neue Poststra\u00dfe 16, 53721 Siegburg<\/p><p class=\"p2\">Webseite: www.ag-siegburg.nrw.de<\/p><p class=\"p2\">\u2e3b<\/p><p class=\"p2\">Datenschutz Verantwortlicher:<\/p><p class=\"p2\">Igor Holodniak<\/p><p class=\"p2\">An der Krautwiese 40<\/p><p class=\"p2\">53783 Eitorf<\/p><p class=\"p2\">Deutschland<\/p><p class=\"p2\">E-Mail: igor.holodniak@googlemail.com<\/p><p class=\"p2\">\u2e3b<\/p><p class=\"p2\">Universalschlichtungsstelle<\/p><p class=\"p2\">An einem Streitbeilegungsverfahren vor einer Verbraucherschlichtungsstelle nehmen wir teil. Die zust\u00e4ndige Stelle ist die<\/p><p class=\"p2\">Universalschlichtungsstelle des Bundes, Zentrum f\u00fcr Schlichtung e.V.,<\/p><p class=\"p2\">Stra\u00dfburger Stra\u00dfe 8, 77694 Kehl am Rhein<\/p><p class=\"p2\">Webseite: www.verbraucher-schlichter.de<\/p><p class=\"p2\">\u2e3b<\/p><p class=\"p2\">EU-Streitschlichtung<\/p><p class=\"p2\">Gem\u00e4\u00df der Verordnung \u00fcber Online-Streitbeilegung in Verbraucherangelegenheiten (ODR-Verordnung) m\u00f6chten wir Sie \u00fcber die Online-Streitbeilegungsplattform (OS-Plattform) informieren.<\/p><p class=\"p2\">Verbraucher haben die M\u00f6glichkeit, Beschwerden an die Online-Streitbeilegungsplattform der Europ\u00e4ischen Kommission unter folgendem Link zu richten:<\/p><p class=\"p2\">https:\/\/ec.europa.eu\/consumers\/odr<\/p><p class=\"p2\">Die daf\u00fcr notwendigen Kontaktdaten finden Sie oben in unserem Impressum.<\/p><p class=\"p2\">Wir m\u00f6chten Sie jedoch darauf hinweisen, dass wir nicht bereit oder verpflichtet sind, an Streitbeilegungsverfahren vor einer Verbraucherschlichtungsstelle teilzunehmen.<\/p><p class=\"p2\">\u2e3b<\/p><p class=\"p2\">Urheberrechtliche Hinweise<\/p><p class=\"p2\">Alle Texte sind urheberrechtlich gesch\u00fctzt.<\/p><p class=\"p2\">Quelle: Erstellt mit dem Impressum Generator von AdSimple.<\/p>\t\t\t\t\t\t\t\t<\/div>\n\t\t\t\t<\/div>\n\t\t\t\t\t<\/div>\n\t\t<\/div>\n\t\t\t\t\t<\/div>\n\t\t<\/section>\n\t\t\t\t<\/div>\n\t\t","protected":false},"excerpt":{"rendered":"<p>Home Angaben gem\u00e4\u00df \u00a7 5 TMG Igor Holodniak e-perfume An der Krautwiese 40 53783 Eitorf Deutschland \u2e3b Kontakt Telefon: +49 174 3085959 E-Mail: info@e-perfume.eu \u2e3b UID-Nummer: DE364297062 Berufsbezeichnung: Gro\u00dfhandel f\u00fcr Parf\u00fcm, Kosmetik &amp; Pflegeprodukte Verleihungsstaat: Deutschland \u2e3b Aufsichtsbeh\u00f6rde: Amtsgericht Siegburg Neue Poststra\u00dfe 16, 53721 Siegburg Webseite: www.ag-siegburg.nrw.de \u2e3b Datenschutz Verantwortlicher: Igor Holodniak An der Krautwiese [&hellip;]<\/p>\n","protected":false},"author":1,"featured_media":0,"parent":0,"menu_order":0,"comment_status":"closed","ping_status":"closed","template":"","meta":{"_joinchat":[],"footnotes":""},"class_list":["post-54","page","type-page","status-publish","hentry"],"_links":{"self":[{"href":"https:\/\/e-perfume.eu\/index.php?rest_route=\/wp\/v2\/pages\/54","targetHints":{"allow":["GET"]}}],"collection":[{"href":"https:\/\/e-perfume.eu\/index.php?rest_route=\/wp\/v2\/pages"}],"about":[{"href":"https:\/\/e-perfume.eu\/index.php?rest_route=\/wp\/v2\/types\/page"}],"author":[{"embeddable":true,"href":"https:\/\/e-perfume.eu\/index.php?rest_route=\/wp\/v2\/users\/1"}],"replies":[{"embeddable":true,"href":"https:\/\/e-perfume.eu\/index.php?rest_route=%2Fwp%2Fv2%2Fcomments&post=54"}],"version-history":[{"count":5,"href":"https:\/\/e-perfume.eu\/index.php?rest_route=\/wp\/v2\/pages\/54\/revisions"}],"predecessor-version":[{"id":566,"href":"https:\/\/e-perfume.eu\/index.php?rest_route=\/wp\/v2\/pages\/54\/revisions\/566"}],"wp:attachment":[{"href":"https:\/\/e-perfume.eu\/index.php?rest_route=%2Fwp%2Fv2%2Fmedia&parent=54"}],"curies":[{"name":"wp","href":"https:\/\/api.w.org\/{rel}","templated":true}]}}